{"id":673,"date":"2023-12-03T19:15:16","date_gmt":"2023-12-03T18:15:16","guid":{"rendered":"https:\/\/yamaha-centar.hr\/?page_id=673"},"modified":"2024-10-14T19:16:22","modified_gmt":"2024-10-14T17:16:22","slug":"kontakt-yamaha-centar-zagreb","status":"publish","type":"page","link":"https:\/\/yamaha-centar.hr\/?page_id=673","title":{"rendered":"Kontakt"},"content":{"rendered":"<p><img loading=\"lazy\" decoding=\"async\" class=\"wp-image-6009 size-full alignleft\" src=\"https:\/\/yamaha-centar.hr\/wp-content\/uploads\/2024\/04\/yamaha_centar_zgrada.jpg\" alt=\"\" width=\"600\" height=\"337\" srcset=\"https:\/\/yamaha-centar.hr\/wp-content\/uploads\/2024\/04\/yamaha_centar_zgrada.jpg 600w, https:\/\/yamaha-centar.hr\/wp-content\/uploads\/2024\/04\/yamaha_centar_zgrada-300x169.jpg 300w\" sizes=\"auto, (max-width: 600px) 100vw, 600px\" \/>Po\u010deci rada &#8216;Yamaha centra Zagreb&#8217; se\u017eu u danas ve\u0107 daleku 1995. godinu. Naime, te je godine u Slovenskoj ulici otvorena na\u0161a poslovnica &#8216;Box 15&#8217;, jedna od prvih specijaliziranih trgovina za motocikle i skutere u gradu Zagrebu.<\/p>\n<p>U samome po\u010detku uz prodaju vozila u ponudu smo uvrstili \u0161iroki asortiman dodatne motociklisti\u010dke opreme, za\u0161titnu odje\u0107u i kacige renomiranih svjetskih proizvo\u0111a\u010da. U godinama koje su uslijedile, uz rast tr\u017ei\u0161ta i pove\u0107anja na\u0161e prodaje, uslijedilo je preseljenje u ve\u0107i prostor na adresi Ba\u0161tijanova 48.<br \/>\nKruna na\u0161eg uspje\u0161nog poslovanja zaokru\u017eena je u 2012. godini kada zapo\u010dinjemo suradnju sa jednim od najboljih motociklisti\u010dkih brandova dana\u0161njice, Yamahom.<\/p>\n<p>Trenutno u &#8216;Yamaha centru Zagreb&#8217; za Va\u0161e potrebe brine ukupno 5 djelatnika. Uz prodaju kompletnog programa Yamaha cestovnih motocikala i skutera, \u010detverocikala i off-road vozila nudimo i \u0161iroki asortiman originalne dodatne opreme, ulja, maziva i kozmetike te kompletnu uslugu servisa.<\/p>\n<h6>Brzi kontakt:<\/h6>\n<div class=\"wpforms-container wpforms-container-full wpforms-render-modern\" id=\"wpforms-5988\"><form id=\"wpforms-form-5988\" class=\"wpforms-validate wpforms-form wpforms-ajax-form\" data-formid=\"5988\" method=\"post\" enctype=\"multipart\/form-data\" action=\"\/index.php?rest_route=%2Fwp%2Fv2%2Fpages%2F673\" data-token=\"2db042b689bfe9a2dc46c4dde0b92481\" data-token-time=\"1777608160\"><noscript class=\"wpforms-error-noscript\">Please enable JavaScript in your browser to complete this form.<\/noscript><div class=\"wpforms-hidden\" id=\"wpforms-error-noscript\">Please enable JavaScript in your browser to complete this form.<\/div><div class=\"wpforms-field-container\"><div id=\"wpforms-5988-field_0-container\" class=\"wpforms-field wpforms-field-name\" data-field-id=\"0\"><label class=\"wpforms-field-label\" for=\"wpforms-5988-field_0\">Ime i prezime <span class=\"wpforms-required-label\" aria-hidden=\"true\">*<\/span><\/label><input type=\"text\" id=\"wpforms-5988-field_0\" class=\"wpforms-field-medium wpforms-field-required\" name=\"wpforms[fields][0]\" aria-errormessage=\"wpforms-5988-field_0-error\" required><\/div><div id=\"wpforms-5988-field_1-container\" class=\"wpforms-field wpforms-field-email\" data-field-id=\"1\"><label class=\"wpforms-field-label\" for=\"wpforms-5988-field_1\">Email <span class=\"wpforms-required-label\" aria-hidden=\"true\">*<\/span><\/label><input type=\"email\" id=\"wpforms-5988-field_1\" class=\"wpforms-field-medium wpforms-field-required\" name=\"wpforms[fields][1]\" spellcheck=\"false\" aria-errormessage=\"wpforms-5988-field_1-error\" required><\/div><div id=\"wpforms-5988-field_2-container\" class=\"wpforms-field wpforms-field-textarea\" data-field-id=\"2\"><label class=\"wpforms-field-label\" for=\"wpforms-5988-field_2\">Va\u0161a poruka<\/label><textarea id=\"wpforms-5988-field_2\" class=\"wpforms-field-medium\" name=\"wpforms[fields][2]\" aria-errormessage=\"wpforms-5988-field_2-error\" ><\/textarea><\/div><\/div><!-- .wpforms-field-container --><div class=\"wpforms-recaptcha-container wpforms-is-hcaptcha\" ><div class=\"g-recaptcha\" data-sitekey=\"8b10b045-d22d-4f75-b01a-2990735cf4ef\"><\/div><input type=\"text\" name=\"g-recaptcha-hidden\" class=\"wpforms-recaptcha-hidden\" style=\"position:absolute!important;clip:rect(0,0,0,0)!important;height:1px!important;width:1px!important;border:0!important;overflow:hidden!important;padding:0!important;margin:0!important;\" data-rule-hcaptcha=\"1\"><\/div><div class=\"wpforms-submit-container\" ><input type=\"hidden\" name=\"wpforms[id]\" value=\"5988\"><input type=\"hidden\" name=\"page_title\" value=\"\"><input type=\"hidden\" name=\"page_url\" value=\"https:\/\/yamaha-centar.hr\/index.php?rest_route=%2Fwp%2Fv2%2Fpages%2F673\"><button type=\"submit\" name=\"wpforms[submit]\" id=\"wpforms-submit-5988\" class=\"wpforms-submit\" data-alt-text=\"Slanje...\" data-submit-text=\"Po\u0161aljite\" aria-live=\"assertive\" value=\"wpforms-submit\">Po\u0161aljite<\/button><img loading=\"lazy\" decoding=\"async\" src=\"https:\/\/yamaha-centar.hr\/wp-content\/plugins\/wpforms-lite\/assets\/images\/submit-spin.svg\" class=\"wpforms-submit-spinner\" style=\"display: none;\" width=\"26\" height=\"26\" alt=\"Loading\"><\/div><\/form><\/div>  <!-- .wpforms-container -->\n<p>Adresa:<br \/>\nYamaha centar Zagreb<br \/>\nMatka Ba\u0161tijana 48,<br \/>\n10000 Zagreb<br \/>\ntelefon:01\/36-68-430<br \/>\ninfo@yamaha-centar.hr<\/p>\n<p>Radno vrijeme :<br \/>\nponedjeljak &#8211; petak 9:00 &#8211; 16:30 h<br \/>\nsubota 8:00 &#8211; 13:00 h<\/p>\n","protected":false},"excerpt":{"rendered":"<p>Po\u010deci rada &#8216;Yamaha centra Zagreb&#8217; se\u017eu u danas ve\u0107 daleku 1995. godinu. Naime, te je godine u Slovenskoj ulici otvorena na\u0161a poslovnica &#8216;Box 15&#8217;, jedna od prvih specijaliziranih trgovina za motocikle i skutere u gradu Zagrebu. U samome po\u010detku uz prodaju vozila u ponudu smo uvrstili \u0161iroki asortiman dodatne motociklisti\u010dke opreme, za\u0161titnu odje\u0107u i kacige [&hellip;]<\/p>\n","protected":false},"author":1,"featured_media":0,"parent":0,"menu_order":0,"comment_status":"closed","ping_status":"closed","template":"","meta":{"_bbp_topic_count":0,"_bbp_reply_count":0,"_bbp_total_topic_count":0,"_bbp_total_reply_count":0,"_bbp_voice_count":0,"_bbp_anonymous_reply_count":0,"_bbp_topic_count_hidden":0,"_bbp_reply_count_hidden":0,"_bbp_forum_subforum_count":0,"footnotes":""},"class_list":["post-673","page","type-page","status-publish","hentry"],"yoast_head":"<!-- This site is optimized with the Yoast SEO plugin v23.0 - https:\/\/yoast.com\/wordpress\/plugins\/seo\/ -->\n<title>Kontakt - Yamaha centar Zagreb<\/title>\n<meta name=\"description\" content=\"Kontakt Yamaha centar Zagreb\" \/>\n<meta name=\"robots\" content=\"index, follow, max-snippet:-1, max-image-preview:large, max-video-preview:-1\" \/>\n<link rel=\"canonical\" href=\"https:\/\/yamaha-centar.hr\/?page_id=673\" \/>\n<meta property=\"og:locale\" content=\"hr_HR\" \/>\n<meta property=\"og:type\" content=\"article\" \/>\n<meta property=\"og:title\" content=\"Kontakt - Yamaha centar Zagreb\" \/>\n<meta property=\"og:description\" content=\"Kontakt Yamaha centar Zagreb\" \/>\n<meta property=\"og:url\" content=\"https:\/\/yamaha-centar.hr\/?page_id=673\" \/>\n<meta property=\"og:site_name\" content=\"Yamaha centar Zagreb\" \/>\n<meta property=\"article:modified_time\" content=\"2024-10-14T17:16:22+00:00\" \/>\n<meta property=\"og:image\" content=\"https:\/\/yamaha-centar.hr\/wp-content\/uploads\/2024\/04\/yamaha_centar_zgrada.jpg\" \/>\n<meta name=\"twitter:card\" content=\"summary_large_image\" \/>\n<meta name=\"twitter:label1\" content=\"Procijenjeno vrijeme \u010ditanja\" \/>\n\t<meta name=\"twitter:data1\" content=\"2 minute\" \/>\n<script type=\"application\/ld+json\" class=\"yoast-schema-graph\">{\"@context\":\"https:\/\/schema.org\",\"@graph\":[{\"@type\":\"WebPage\",\"@id\":\"https:\/\/yamaha-centar.hr\/?page_id=673\",\"url\":\"https:\/\/yamaha-centar.hr\/?page_id=673\",\"name\":\"Kontakt - Yamaha centar Zagreb\",\"isPartOf\":{\"@id\":\"https:\/\/yamaha-centar.hr\/#website\"},\"primaryImageOfPage\":{\"@id\":\"https:\/\/yamaha-centar.hr\/?page_id=673#primaryimage\"},\"image\":{\"@id\":\"https:\/\/yamaha-centar.hr\/?page_id=673#primaryimage\"},\"thumbnailUrl\":\"https:\/\/yamaha-centar.hr\/wp-content\/uploads\/2024\/04\/yamaha_centar_zgrada.jpg\",\"datePublished\":\"2023-12-03T18:15:16+00:00\",\"dateModified\":\"2024-10-14T17:16:22+00:00\",\"description\":\"Kontakt Yamaha centar Zagreb\",\"breadcrumb\":{\"@id\":\"https:\/\/yamaha-centar.hr\/?page_id=673#breadcrumb\"},\"inLanguage\":\"hr\",\"potentialAction\":[{\"@type\":\"ReadAction\",\"target\":[\"https:\/\/yamaha-centar.hr\/?page_id=673\"]}]},{\"@type\":\"ImageObject\",\"inLanguage\":\"hr\",\"@id\":\"https:\/\/yamaha-centar.hr\/?page_id=673#primaryimage\",\"url\":\"https:\/\/yamaha-centar.hr\/wp-content\/uploads\/2024\/04\/yamaha_centar_zgrada.jpg\",\"contentUrl\":\"https:\/\/yamaha-centar.hr\/wp-content\/uploads\/2024\/04\/yamaha_centar_zgrada.jpg\",\"width\":600,\"height\":337},{\"@type\":\"BreadcrumbList\",\"@id\":\"https:\/\/yamaha-centar.hr\/?page_id=673#breadcrumb\",\"itemListElement\":[{\"@type\":\"ListItem\",\"position\":1,\"name\":\"Naslovna\",\"item\":\"https:\/\/yamaha-centar.hr\/\"},{\"@type\":\"ListItem\",\"position\":2,\"name\":\"Kontakt\"}]},{\"@type\":\"WebSite\",\"@id\":\"https:\/\/yamaha-centar.hr\/#website\",\"url\":\"https:\/\/yamaha-centar.hr\/\",\"name\":\"Yamaha centar Zagreb\",\"description\":\"yamaha \/ motocikli \/ motori \/ skuteri \/ e-bicikli\",\"publisher\":{\"@id\":\"https:\/\/yamaha-centar.hr\/#organization\"},\"potentialAction\":[{\"@type\":\"SearchAction\",\"target\":{\"@type\":\"EntryPoint\",\"urlTemplate\":\"https:\/\/yamaha-centar.hr\/?s={search_term_string}\"},\"query-input\":\"required name=search_term_string\"}],\"inLanguage\":\"hr\"},{\"@type\":\"Organization\",\"@id\":\"https:\/\/yamaha-centar.hr\/#organization\",\"name\":\"Yamaha centar Zagreb\",\"url\":\"https:\/\/yamaha-centar.hr\/\",\"logo\":{\"@type\":\"ImageObject\",\"inLanguage\":\"hr\",\"@id\":\"https:\/\/yamaha-centar.hr\/#\/schema\/logo\/image\/\",\"url\":\"https:\/\/yamaha-centar.hr\/wp-content\/uploads\/2025\/02\/logo-nova-yamaha.jpg\",\"contentUrl\":\"https:\/\/yamaha-centar.hr\/wp-content\/uploads\/2025\/02\/logo-nova-yamaha.jpg\",\"width\":70,\"height\":70,\"caption\":\"Yamaha centar Zagreb\"},\"image\":{\"@id\":\"https:\/\/yamaha-centar.hr\/#\/schema\/logo\/image\/\"}}]}<\/script>\n<!-- \/ Yoast SEO plugin. -->","yoast_head_json":{"title":"Kontakt - Yamaha centar Zagreb","description":"Kontakt Yamaha centar Zagreb","robots":{"index":"index","follow":"follow","max-snippet":"max-snippet:-1","max-image-preview":"max-image-preview:large","max-video-preview":"max-video-preview:-1"},"canonical":"https:\/\/yamaha-centar.hr\/?page_id=673","og_locale":"hr_HR","og_type":"article","og_title":"Kontakt - Yamaha centar Zagreb","og_description":"Kontakt Yamaha centar Zagreb","og_url":"https:\/\/yamaha-centar.hr\/?page_id=673","og_site_name":"Yamaha centar Zagreb","article_modified_time":"2024-10-14T17:16:22+00:00","og_image":[{"url":"https:\/\/yamaha-centar.hr\/wp-content\/uploads\/2024\/04\/yamaha_centar_zgrada.jpg"}],"twitter_card":"summary_large_image","twitter_misc":{"Procijenjeno vrijeme \u010ditanja":"2 minute"},"schema":{"@context":"https:\/\/schema.org","@graph":[{"@type":"WebPage","@id":"https:\/\/yamaha-centar.hr\/?page_id=673","url":"https:\/\/yamaha-centar.hr\/?page_id=673","name":"Kontakt - Yamaha centar Zagreb","isPartOf":{"@id":"https:\/\/yamaha-centar.hr\/#website"},"primaryImageOfPage":{"@id":"https:\/\/yamaha-centar.hr\/?page_id=673#primaryimage"},"image":{"@id":"https:\/\/yamaha-centar.hr\/?page_id=673#primaryimage"},"thumbnailUrl":"https:\/\/yamaha-centar.hr\/wp-content\/uploads\/2024\/04\/yamaha_centar_zgrada.jpg","datePublished":"2023-12-03T18:15:16+00:00","dateModified":"2024-10-14T17:16:22+00:00","description":"Kontakt Yamaha centar Zagreb","breadcrumb":{"@id":"https:\/\/yamaha-centar.hr\/?page_id=673#breadcrumb"},"inLanguage":"hr","potentialAction":[{"@type":"ReadAction","target":["https:\/\/yamaha-centar.hr\/?page_id=673"]}]},{"@type":"ImageObject","inLanguage":"hr","@id":"https:\/\/yamaha-centar.hr\/?page_id=673#primaryimage","url":"https:\/\/yamaha-centar.hr\/wp-content\/uploads\/2024\/04\/yamaha_centar_zgrada.jpg","contentUrl":"https:\/\/yamaha-centar.hr\/wp-content\/uploads\/2024\/04\/yamaha_centar_zgrada.jpg","width":600,"height":337},{"@type":"BreadcrumbList","@id":"https:\/\/yamaha-centar.hr\/?page_id=673#breadcrumb","itemListElement":[{"@type":"ListItem","position":1,"name":"Naslovna","item":"https:\/\/yamaha-centar.hr\/"},{"@type":"ListItem","position":2,"name":"Kontakt"}]},{"@type":"WebSite","@id":"https:\/\/yamaha-centar.hr\/#website","url":"https:\/\/yamaha-centar.hr\/","name":"Yamaha centar Zagreb","description":"yamaha \/ motocikli \/ motori \/ skuteri \/ e-bicikli","publisher":{"@id":"https:\/\/yamaha-centar.hr\/#organization"},"potentialAction":[{"@type":"SearchAction","target":{"@type":"EntryPoint","urlTemplate":"https:\/\/yamaha-centar.hr\/?s={search_term_string}"},"query-input":"required name=search_term_string"}],"inLanguage":"hr"},{"@type":"Organization","@id":"https:\/\/yamaha-centar.hr\/#organization","name":"Yamaha centar Zagreb","url":"https:\/\/yamaha-centar.hr\/","logo":{"@type":"ImageObject","inLanguage":"hr","@id":"https:\/\/yamaha-centar.hr\/#\/schema\/logo\/image\/","url":"https:\/\/yamaha-centar.hr\/wp-content\/uploads\/2025\/02\/logo-nova-yamaha.jpg","contentUrl":"https:\/\/yamaha-centar.hr\/wp-content\/uploads\/2025\/02\/logo-nova-yamaha.jpg","width":70,"height":70,"caption":"Yamaha centar Zagreb"},"image":{"@id":"https:\/\/yamaha-centar.hr\/#\/schema\/logo\/image\/"}}]}},"rttpg_featured_image_url":null,"rttpg_author":{"display_name":"yamaha","author_link":"https:\/\/yamaha-centar.hr\/?author=1"},"rttpg_comment":0,"rttpg_category":null,"rttpg_excerpt":"Po\u010deci rada &#8216;Yamaha centra Zagreb&#8217; se\u017eu u danas ve\u0107 daleku 1995. godinu. Naime, te je godine u Slovenskoj ulici otvorena na\u0161a poslovnica &#8216;Box 15&#8217;, jedna od prvih specijaliziranih trgovina za motocikle i skutere u gradu Zagrebu. U samome po\u010detku uz prodaju vozila u ponudu smo uvrstili \u0161iroki asortiman dodatne motociklisti\u010dke opreme, za\u0161titnu odje\u0107u i kacige&hellip;","_links":{"self":[{"href":"https:\/\/yamaha-centar.hr\/index.php?rest_route=\/wp\/v2\/pages\/673","targetHints":{"allow":["GET"]}}],"collection":[{"href":"https:\/\/yamaha-centar.hr\/index.php?rest_route=\/wp\/v2\/pages"}],"about":[{"href":"https:\/\/yamaha-centar.hr\/index.php?rest_route=\/wp\/v2\/types\/page"}],"author":[{"embeddable":true,"href":"https:\/\/yamaha-centar.hr\/index.php?rest_route=\/wp\/v2\/users\/1"}],"replies":[{"embeddable":true,"href":"https:\/\/yamaha-centar.hr\/index.php?rest_route=%2Fwp%2Fv2%2Fcomments&post=673"}],"version-history":[{"count":13,"href":"https:\/\/yamaha-centar.hr\/index.php?rest_route=\/wp\/v2\/pages\/673\/revisions"}],"predecessor-version":[{"id":7286,"href":"https:\/\/yamaha-centar.hr\/index.php?rest_route=\/wp\/v2\/pages\/673\/revisions\/7286"}],"wp:attachment":[{"href":"https:\/\/yamaha-centar.hr\/index.php?rest_route=%2Fwp%2Fv2%2Fmedia&parent=673"}],"curies":[{"name":"wp","href":"https:\/\/api.w.org\/{rel}","templated":true}]}}