{"id":5803,"date":"2024-04-05T10:11:07","date_gmt":"2024-04-05T08:11:07","guid":{"rendered":"https:\/\/yamaha-centar.hr\/?page_id=5803"},"modified":"2024-04-05T10:49:44","modified_gmt":"2024-04-05T08:49:44","slug":"politika-privatnosti","status":"publish","type":"page","link":"https:\/\/yamaha-centar.hr\/?page_id=5803","title":{"rendered":"Politika privatnosti"},"content":{"rendered":"<p>Web stranica yamaha-centar.hr koristi tzv. kola\u010di\u0107e (eng. \u2018cookies\u2019) kako bi se korisniku mogla besplatno pru\u017eiti usluga s potpunim funkcionalnostima i \u0161to kvalitetnijim sadr\u017eajem. Kola\u010di\u0107i predstavljaju skup podataka koje generira poslu\u017eitelj web stranica i koje web preglednik sprema na disk korisnika u obliku male tekstualne datoteke.<br \/>\nPrilikom Va\u0161e uporabe web stranice yamaha-centar.hr mo\u017eemo upotrebljavati tehnologiju kao \u0161to je ona koju pru\u017ea Google Analytics\u00a0 kako bismo prikupili podatke o va\u0161em posjetu na\u0161oj internetskoj stranici. Ti nam alati u na\u010delu omogu\u0107uju da analiziramo na koji na\u010din Vi i drugi korisnici upotrebljavate na\u0161u internetsku stranicu. Kako bismo sprije\u010dili neovla\u0161teni pristup ili otkrivanje, uspostavili smo prikladne elektroni\u010dke i upravlja\u010dke postupke za za\u0161titu i sigurnost podataka.<\/p>\n<p>Korisnik web stranice yamaha-centar.hr uvijek mo\u017ee samostalno regulirati primanje kola\u010di\u0107a putem postavki svojeg web-preglednika. Yamaha centar Zagreb isklju\u010duje svaku odgovornost za bilo kakav gubitak funkcionalnosti ili kvalitete sadr\u017eaja web stranice yamaha-centar.hr u svim slu\u010dajevima odabira regulacije primanja kola\u010di\u0107a od strane korisnika.<\/p>\n<p>Dokumenti, podaci i informacije objavljeni na web stranicama yamaha-centar.hr ne smiju se reproducirati, distribuirati ili na bilo koji na\u010din koristiti u komercijalne svrhe bez izri\u010ditog pristanka Yamaha centra Zagreb. Dokumenti, podaci i informacije objavljeni na ovim web stranicama mogu se koristiti samo za individualne potrebe korisnika uz po\u0161tivanje svih autorskih i vlasni\u010dkih prava te prava tre\u0107ih osoba.<\/p>\n<p>Yamaha centar Zagreb se u potpunosti odri\u010de svake odgovornosti koja na bilo koji na\u010din mo\u017ee nastati iz, ili je na bilo koji na\u010din vezana za kori\u0161tenje ovih web stranica te za bilo koje radnje korisnika uporabom ili zlouporabom sadr\u017eaja ovih web stranica<\/p>\n<p>Nastavkom pregledavanja na\u0161e web stranice pristajete na njihovo kori\u0161tenje.<\/p>\n","protected":false},"excerpt":{"rendered":"<p>Web stranica yamaha-centar.hr koristi tzv. kola\u010di\u0107e (eng. \u2018cookies\u2019) kako bi se korisniku mogla besplatno pru\u017eiti usluga s potpunim funkcionalnostima i \u0161to kvalitetnijim sadr\u017eajem. Kola\u010di\u0107i predstavljaju skup podataka koje generira poslu\u017eitelj web stranica i koje web preglednik sprema na disk korisnika u obliku male tekstualne datoteke. Prilikom Va\u0161e uporabe web stranice yamaha-centar.hr mo\u017eemo upotrebljavati tehnologiju kao [&hellip;]<\/p>\n","protected":false},"author":1,"featured_media":0,"parent":0,"menu_order":0,"comment_status":"closed","ping_status":"closed","template":"","meta":{"_bbp_topic_count":0,"_bbp_reply_count":0,"_bbp_total_topic_count":0,"_bbp_total_reply_count":0,"_bbp_voice_count":0,"_bbp_anonymous_reply_count":0,"_bbp_topic_count_hidden":0,"_bbp_reply_count_hidden":0,"_bbp_forum_subforum_count":0,"footnotes":""},"class_list":["post-5803","page","type-page","status-publish","hentry"],"yoast_head":"<!-- This site is optimized with the Yoast SEO plugin v23.0 - https:\/\/yoast.com\/wordpress\/plugins\/seo\/ -->\n<title>Politika privatnosti - Yamaha centar Zagreb<\/title>\n<meta name=\"robots\" content=\"index, follow, max-snippet:-1, max-image-preview:large, max-video-preview:-1\" \/>\n<link rel=\"canonical\" href=\"https:\/\/yamaha-centar.hr\/?page_id=5803\" \/>\n<meta property=\"og:locale\" content=\"hr_HR\" \/>\n<meta property=\"og:type\" content=\"article\" \/>\n<meta property=\"og:title\" content=\"Politika privatnosti - Yamaha centar Zagreb\" \/>\n<meta property=\"og:description\" content=\"Web stranica yamaha-centar.hr koristi tzv. kola\u010di\u0107e (eng. \u2018cookies\u2019) kako bi se korisniku mogla besplatno pru\u017eiti usluga s potpunim funkcionalnostima i \u0161to kvalitetnijim sadr\u017eajem. Kola\u010di\u0107i predstavljaju skup podataka koje generira poslu\u017eitelj web stranica i koje web preglednik sprema na disk korisnika u obliku male tekstualne datoteke. Prilikom Va\u0161e uporabe web stranice yamaha-centar.hr mo\u017eemo upotrebljavati tehnologiju kao [&hellip;]\" \/>\n<meta property=\"og:url\" content=\"https:\/\/yamaha-centar.hr\/?page_id=5803\" \/>\n<meta property=\"og:site_name\" content=\"Yamaha centar Zagreb\" \/>\n<meta property=\"article:modified_time\" content=\"2024-04-05T08:49:44+00:00\" \/>\n<meta name=\"twitter:card\" content=\"summary_large_image\" \/>\n<meta name=\"twitter:label1\" content=\"Procijenjeno vrijeme \u010ditanja\" \/>\n\t<meta name=\"twitter:data1\" content=\"2 minute\" \/>\n<script type=\"application\/ld+json\" class=\"yoast-schema-graph\">{\"@context\":\"https:\/\/schema.org\",\"@graph\":[{\"@type\":\"WebPage\",\"@id\":\"https:\/\/yamaha-centar.hr\/?page_id=5803\",\"url\":\"https:\/\/yamaha-centar.hr\/?page_id=5803\",\"name\":\"Politika privatnosti - Yamaha centar Zagreb\",\"isPartOf\":{\"@id\":\"https:\/\/yamaha-centar.hr\/#website\"},\"datePublished\":\"2024-04-05T08:11:07+00:00\",\"dateModified\":\"2024-04-05T08:49:44+00:00\",\"breadcrumb\":{\"@id\":\"https:\/\/yamaha-centar.hr\/?page_id=5803#breadcrumb\"},\"inLanguage\":\"hr\",\"potentialAction\":[{\"@type\":\"ReadAction\",\"target\":[\"https:\/\/yamaha-centar.hr\/?page_id=5803\"]}]},{\"@type\":\"BreadcrumbList\",\"@id\":\"https:\/\/yamaha-centar.hr\/?page_id=5803#breadcrumb\",\"itemListElement\":[{\"@type\":\"ListItem\",\"position\":1,\"name\":\"Naslovna\",\"item\":\"https:\/\/yamaha-centar.hr\/\"},{\"@type\":\"ListItem\",\"position\":2,\"name\":\"Politika privatnosti\"}]},{\"@type\":\"WebSite\",\"@id\":\"https:\/\/yamaha-centar.hr\/#website\",\"url\":\"https:\/\/yamaha-centar.hr\/\",\"name\":\"Yamaha centar Zagreb\",\"description\":\"yamaha \/ motocikli \/ motori \/ skuteri \/ e-bicikli\",\"publisher\":{\"@id\":\"https:\/\/yamaha-centar.hr\/#organization\"},\"potentialAction\":[{\"@type\":\"SearchAction\",\"target\":{\"@type\":\"EntryPoint\",\"urlTemplate\":\"https:\/\/yamaha-centar.hr\/?s={search_term_string}\"},\"query-input\":\"required name=search_term_string\"}],\"inLanguage\":\"hr\"},{\"@type\":\"Organization\",\"@id\":\"https:\/\/yamaha-centar.hr\/#organization\",\"name\":\"Yamaha centar Zagreb\",\"url\":\"https:\/\/yamaha-centar.hr\/\",\"logo\":{\"@type\":\"ImageObject\",\"inLanguage\":\"hr\",\"@id\":\"https:\/\/yamaha-centar.hr\/#\/schema\/logo\/image\/\",\"url\":\"https:\/\/yamaha-centar.hr\/wp-content\/uploads\/2025\/02\/logo-nova-yamaha.jpg\",\"contentUrl\":\"https:\/\/yamaha-centar.hr\/wp-content\/uploads\/2025\/02\/logo-nova-yamaha.jpg\",\"width\":70,\"height\":70,\"caption\":\"Yamaha centar Zagreb\"},\"image\":{\"@id\":\"https:\/\/yamaha-centar.hr\/#\/schema\/logo\/image\/\"}}]}<\/script>\n<!-- \/ Yoast SEO plugin. -->","yoast_head_json":{"title":"Politika privatnosti - Yamaha centar Zagreb","robots":{"index":"index","follow":"follow","max-snippet":"max-snippet:-1","max-image-preview":"max-image-preview:large","max-video-preview":"max-video-preview:-1"},"canonical":"https:\/\/yamaha-centar.hr\/?page_id=5803","og_locale":"hr_HR","og_type":"article","og_title":"Politika privatnosti - Yamaha centar Zagreb","og_description":"Web stranica yamaha-centar.hr koristi tzv. kola\u010di\u0107e (eng. \u2018cookies\u2019) kako bi se korisniku mogla besplatno pru\u017eiti usluga s potpunim funkcionalnostima i \u0161to kvalitetnijim sadr\u017eajem. Kola\u010di\u0107i predstavljaju skup podataka koje generira poslu\u017eitelj web stranica i koje web preglednik sprema na disk korisnika u obliku male tekstualne datoteke. Prilikom Va\u0161e uporabe web stranice yamaha-centar.hr mo\u017eemo upotrebljavati tehnologiju kao [&hellip;]","og_url":"https:\/\/yamaha-centar.hr\/?page_id=5803","og_site_name":"Yamaha centar Zagreb","article_modified_time":"2024-04-05T08:49:44+00:00","twitter_card":"summary_large_image","twitter_misc":{"Procijenjeno vrijeme \u010ditanja":"2 minute"},"schema":{"@context":"https:\/\/schema.org","@graph":[{"@type":"WebPage","@id":"https:\/\/yamaha-centar.hr\/?page_id=5803","url":"https:\/\/yamaha-centar.hr\/?page_id=5803","name":"Politika privatnosti - Yamaha centar Zagreb","isPartOf":{"@id":"https:\/\/yamaha-centar.hr\/#website"},"datePublished":"2024-04-05T08:11:07+00:00","dateModified":"2024-04-05T08:49:44+00:00","breadcrumb":{"@id":"https:\/\/yamaha-centar.hr\/?page_id=5803#breadcrumb"},"inLanguage":"hr","potentialAction":[{"@type":"ReadAction","target":["https:\/\/yamaha-centar.hr\/?page_id=5803"]}]},{"@type":"BreadcrumbList","@id":"https:\/\/yamaha-centar.hr\/?page_id=5803#breadcrumb","itemListElement":[{"@type":"ListItem","position":1,"name":"Naslovna","item":"https:\/\/yamaha-centar.hr\/"},{"@type":"ListItem","position":2,"name":"Politika privatnosti"}]},{"@type":"WebSite","@id":"https:\/\/yamaha-centar.hr\/#website","url":"https:\/\/yamaha-centar.hr\/","name":"Yamaha centar Zagreb","description":"yamaha \/ motocikli \/ motori \/ skuteri \/ e-bicikli","publisher":{"@id":"https:\/\/yamaha-centar.hr\/#organization"},"potentialAction":[{"@type":"SearchAction","target":{"@type":"EntryPoint","urlTemplate":"https:\/\/yamaha-centar.hr\/?s={search_term_string}"},"query-input":"required name=search_term_string"}],"inLanguage":"hr"},{"@type":"Organization","@id":"https:\/\/yamaha-centar.hr\/#organization","name":"Yamaha centar Zagreb","url":"https:\/\/yamaha-centar.hr\/","logo":{"@type":"ImageObject","inLanguage":"hr","@id":"https:\/\/yamaha-centar.hr\/#\/schema\/logo\/image\/","url":"https:\/\/yamaha-centar.hr\/wp-content\/uploads\/2025\/02\/logo-nova-yamaha.jpg","contentUrl":"https:\/\/yamaha-centar.hr\/wp-content\/uploads\/2025\/02\/logo-nova-yamaha.jpg","width":70,"height":70,"caption":"Yamaha centar Zagreb"},"image":{"@id":"https:\/\/yamaha-centar.hr\/#\/schema\/logo\/image\/"}}]}},"rttpg_featured_image_url":null,"rttpg_author":{"display_name":"yamaha","author_link":"https:\/\/yamaha-centar.hr\/?author=1"},"rttpg_comment":0,"rttpg_category":null,"rttpg_excerpt":"Web stranica yamaha-centar.hr koristi tzv. kola\u010di\u0107e (eng. \u2018cookies\u2019) kako bi se korisniku mogla besplatno pru\u017eiti usluga s potpunim funkcionalnostima i \u0161to kvalitetnijim sadr\u017eajem. Kola\u010di\u0107i predstavljaju skup podataka koje generira poslu\u017eitelj web stranica i koje web preglednik sprema na disk korisnika u obliku male tekstualne datoteke. Prilikom Va\u0161e uporabe web stranice yamaha-centar.hr mo\u017eemo upotrebljavati tehnologiju kao&hellip;","_links":{"self":[{"href":"https:\/\/yamaha-centar.hr\/index.php?rest_route=\/wp\/v2\/pages\/5803","targetHints":{"allow":["GET"]}}],"collection":[{"href":"https:\/\/yamaha-centar.hr\/index.php?rest_route=\/wp\/v2\/pages"}],"about":[{"href":"https:\/\/yamaha-centar.hr\/index.php?rest_route=\/wp\/v2\/types\/page"}],"author":[{"embeddable":true,"href":"https:\/\/yamaha-centar.hr\/index.php?rest_route=\/wp\/v2\/users\/1"}],"replies":[{"embeddable":true,"href":"https:\/\/yamaha-centar.hr\/index.php?rest_route=%2Fwp%2Fv2%2Fcomments&post=5803"}],"version-history":[{"count":2,"href":"https:\/\/yamaha-centar.hr\/index.php?rest_route=\/wp\/v2\/pages\/5803\/revisions"}],"predecessor-version":[{"id":5807,"href":"https:\/\/yamaha-centar.hr\/index.php?rest_route=\/wp\/v2\/pages\/5803\/revisions\/5807"}],"wp:attachment":[{"href":"https:\/\/yamaha-centar.hr\/index.php?rest_route=%2Fwp%2Fv2%2Fmedia&parent=5803"}],"curies":[{"name":"wp","href":"https:\/\/api.w.org\/{rel}","templated":true}]}}